{"id":11,"date":"2023-10-25T10:49:09","date_gmt":"2023-10-25T08:49:09","guid":{"rendered":"https:\/\/serwer1349260.home.pl\/autoinstalator\/wordpresswoocommerce\/?page_id=11"},"modified":"2024-09-10T20:18:49","modified_gmt":"2024-09-10T18:18:49","slug":"o-nas","status":"publish","type":"page","link":"https:\/\/sinutronic.eu\/?page_id=11","title":{"rendered":"O nas"},"content":{"rendered":"\n<p>Marka SINUTRONIC zosta\u0142a za\u0142o\u017cona 9 wrze\u015bnia 2013 roku w Gda\u0144sku. <\/p>\n\n\n\n<p>Po zmianach organizacyjnych w 2023 roku dynamicznie rozwija si\u0119, wprowadzaj\u0105c na rynek innowacyjne rozwi\u0105zania medyczne. W odpowiedzi na rosn\u0105ce zapotrzebowanie w bran\u017cy, firma z dum\u0105 prezentuje now\u0105 lini\u0119 produkt\u00f3w obejmuj\u0105c\u0105 zaawansowane endoskopy gi\u0119tkie oraz modu\u0142owe w\u00f3zki do endoskopii. Te nowoczesne urz\u0105dzenia zosta\u0142y zaprojektowane z my\u015bl\u0105 o zwi\u0119kszeniu precyzji diagnostyki i komfortu u\u017cytkowania w r\u00f3\u017cnych zastosowaniach medycznych.<\/p>\n\n\n\n<p>Endoskopy gi\u0119tkie Sinutronic charakteryzuj\u0105 si\u0119 wyj\u0105tkow\u0105 elastyczno\u015bci\u0105 konstrukcji oraz wysok\u0105 jako\u015bci\u0105 obrazu, co pozwala na dok\u0142adne badania nawet w trudno dost\u0119pnych miejscach. Natomiast nasze modu\u0142owe w\u00f3zki do endoskopii to doskona\u0142e po\u0142\u0105czenie funkcjonalno\u015bci i ergonomii, umo\u017cliwiaj\u0105ce \u0142atwe przechowywanie i transportowanie sprz\u0119tu.<\/p>\n\n\n\n<p>Dzi\u0119ki nieustannemu rozwojowi i inwestycjom w najnowsze technologie, Sinutronic zdobywa zaufanie specjalist\u00f3w medycznych. Jeste\u015bmy dumni z tego, \u017ce nasze produkty przyczyniaj\u0105 si\u0119 do podnoszenia standard\u00f3w opieki zdrowotnej. Zapraszamy do zapoznania si\u0119 z nasz\u0105 ofert\u0105 i odkrycia, jak innowacyjne rozwi\u0105zania Sinutronic mog\u0105 wspiera\u0107 Twoj\u0105 codzienn\u0105 prac\u0119. Razem tworzymy przysz\u0142o\u015b\u0107 medycyny!<\/p>\n\n\n\n<p><\/p>\n\n\n\n<p>Marka SINUTRONIC zosta\u0142a za\u0142o\u017cona 9 wrze\u015bnia 2013 roku w Gda\u0144sku. Przedsi\u0119wzi\u0119cie zrealizowane zosta\u0142o w ramach sp\u00f3\u0142ki celowej utworzonej z Zespo\u0142u Pomys\u0142odawc\u00f3w i Agencji Rozwoju Pomorza w oparciu o dotacje unijne. Sp\u00f3\u0142ka opracowa\u0142a koncepcj\u0119 wziernika laryngologicznego oraz przygotowa\u0142a urz\u0105dzenie do seryjnej produkcji. ENTviewer podczas pierwszych prezentacji zdoby\u0142 du\u017ce uznanie rynku i pozytywn\u0105 ocen\u0119 ekspert\u00f3w. W 2016 roku\u00a0Sp\u00f3\u0142ka wprowadzi\u0142a na rynek nowe urz\u0105dzenie o nazwie DUOviewer \u2013 podr\u0119czny zestaw laryngologiczny z wideoszpatu\u0142k\u0105 i wideootoskopem w jednym.<\/p>\n\n\n\n<p>Dobr\u0105 jako\u015b\u0107 produkt\u00f3w wytworzonych w naszej firmie zapewniaj\u0105: wysokie kwalifikacje zespo\u0142u, wieloletnie do\u015bwiadczenie in\u017cynierskie i medyczne, oraz kreatywno\u015b\u0107 i dynamika w dzia\u0142aniu.<\/p>\n\n\n\n<p><\/p>\n","protected":false},"excerpt":{"rendered":"<p>Marka SINUTRONIC zosta\u0142a za\u0142o\u017cona 9 wrze\u015bnia 2013 roku w Gda\u0144sku. Po zmianach organizacyjnych w 2023 roku dynamicznie rozwija si\u0119, wprowadzaj\u0105c na rynek innowacyjne rozwi\u0105zania medyczne. W odpowiedzi na rosn\u0105ce zapotrzebowanie w bran\u017cy, firma z dum\u0105 prezentuje now\u0105 lini\u0119 produkt\u00f3w obejmuj\u0105c\u0105 zaawansowane endoskopy gi\u0119tkie oraz modu\u0142owe w\u00f3zki do endoskopii. Te nowoczesne urz\u0105dzenia zosta\u0142y zaprojektowane z my\u015bl\u0105 [&hellip;]<\/p>\n","protected":false},"author":1,"featured_media":0,"parent":0,"menu_order":0,"comment_status":"closed","ping_status":"closed","template":"","meta":{"footnotes":""},"class_list":["post-11","page","type-page","status-publish","hentry"],"jetpack_sharing_enabled":true,"_links":{"self":[{"href":"https:\/\/sinutronic.eu\/index.php?rest_route=\/wp\/v2\/pages\/11","targetHints":{"allow":["GET"]}}],"collection":[{"href":"https:\/\/sinutronic.eu\/index.php?rest_route=\/wp\/v2\/pages"}],"about":[{"href":"https:\/\/sinutronic.eu\/index.php?rest_route=\/wp\/v2\/types\/page"}],"author":[{"embeddable":true,"href":"https:\/\/sinutronic.eu\/index.php?rest_route=\/wp\/v2\/users\/1"}],"replies":[{"embeddable":true,"href":"https:\/\/sinutronic.eu\/index.php?rest_route=%2Fwp%2Fv2%2Fcomments&post=11"}],"version-history":[{"count":10,"href":"https:\/\/sinutronic.eu\/index.php?rest_route=\/wp\/v2\/pages\/11\/revisions"}],"predecessor-version":[{"id":289,"href":"https:\/\/sinutronic.eu\/index.php?rest_route=\/wp\/v2\/pages\/11\/revisions\/289"}],"wp:attachment":[{"href":"https:\/\/sinutronic.eu\/index.php?rest_route=%2Fwp%2Fv2%2Fmedia&parent=11"}],"curies":[{"name":"wp","href":"https:\/\/api.w.org\/{rel}","templated":true}]}}