{"id":158,"date":"2024-06-21T04:15:46","date_gmt":"2024-06-21T02:15:46","guid":{"rendered":"https:\/\/serwer1349260.home.pl\/autoinstalator\/wordpresswoocommerce\/?page_id=158"},"modified":"2025-03-05T14:43:22","modified_gmt":"2025-03-05T13:43:22","slug":"158-2","status":"publish","type":"page","link":"https:\/\/sinutronic.eu\/?page_id=158","title":{"rendered":""},"content":{"rendered":"\n<div class=\"wp-block-group alignfull has-tertiary-background-color has-background has-global-padding is-layout-constrained wp-block-group-is-layout-constrained\" style=\"margin-top:0px;margin-bottom:0px;padding-top:var(--wp--preset--spacing--xx-large);padding-bottom:var(--wp--preset--spacing--xx-large)\">\n<div class=\"wp-block-group alignwide is-layout-flow wp-block-group-is-layout-flow\">\n<div class=\"wp-block-columns is-layout-flex wp-container-core-columns-is-layout-f619a8c7 wp-block-columns-is-layout-flex\">\n<div class=\"wp-block-column is-layout-flow wp-block-column-is-layout-flow\">\n<div class=\"wp-block-group has-background-background-color has-background has-global-padding is-layout-constrained wp-container-core-group-is-layout-4d32cd85 wp-block-group-is-layout-constrained\" style=\"border-radius:10px;min-height:100%;padding-top:var(--wp--preset--spacing--large);padding-right:var(--wp--preset--spacing--large);padding-bottom:var(--wp--preset--spacing--large);padding-left:var(--wp--preset--spacing--large)\">\n<h2 class=\"wp-block-heading has-medium-font-size\" style=\"margin-top:var(--wp--preset--spacing--xx-small);font-style:normal;font-weight:600\">ENDOSKOPY GI\u0118TKIE<\/h2>\n\n\n\n<p class=\"has-text-align-center\" style=\"margin-top:var(--wp--preset--spacing--small)\"><img loading=\"lazy\" decoding=\"async\" width=\"150\" height=\"304\" class=\"wp-image-82\" style=\"width: 150px;\" src=\"http:\/\/serwer1349260.home.pl\/autoinstalator\/wordpresswoocommerce\/wp-content\/uploads\/2024\/06\/Bez-tytulu.png\" alt=\"\" srcset=\"https:\/\/sinutronic.eu\/wp-content\/uploads\/2024\/06\/Bez-tytulu.png 3264w, https:\/\/sinutronic.eu\/wp-content\/uploads\/2024\/06\/Bez-tytulu-148x300.png 148w, https:\/\/sinutronic.eu\/wp-content\/uploads\/2024\/06\/Bez-tytulu-506x1024.png 506w, https:\/\/sinutronic.eu\/wp-content\/uploads\/2024\/06\/Bez-tytulu-768x1555.png 768w, https:\/\/sinutronic.eu\/wp-content\/uploads\/2024\/06\/Bez-tytulu-759x1536.png 759w, https:\/\/sinutronic.eu\/wp-content\/uploads\/2024\/06\/Bez-tytulu-1012x2048.png 1012w, https:\/\/sinutronic.eu\/wp-content\/uploads\/2024\/06\/Bez-tytulu-600x1215.png 600w\" sizes=\"auto, (max-width: 150px) 100vw, 150px\" \/><\/p>\n\n\n\n<div class=\"wp-block-buttons is-layout-flex wp-block-buttons-is-layout-flex\" style=\"margin-top:var(--wp--preset--spacing--small)\">\n<div class=\"wp-block-button is-style-link-only\"><a class=\"wp-block-button__link has-primary-color has-text-color has-background wp-element-button\" href=\"?page_id=165\" style=\"background-color:#ffffff00;padding-top:0px;padding-right:0px;padding-bottom:0px;padding-left:0px\">Dowiedz si\u0119 wi\u0119cej \u2192<\/a><\/div>\n<\/div>\n<\/div>\n<\/div>\n\n\n\n<div class=\"wp-block-column is-layout-flow wp-block-column-is-layout-flow\">\n<div class=\"wp-block-group has-background-background-color has-background has-global-padding is-layout-constrained wp-container-core-group-is-layout-4d32cd85 wp-block-group-is-layout-constrained\" style=\"border-radius:10px;min-height:100%;padding-top:var(--wp--preset--spacing--large);padding-right:var(--wp--preset--spacing--large);padding-bottom:var(--wp--preset--spacing--large);padding-left:var(--wp--preset--spacing--large)\">\n<h2 class=\"wp-block-heading has-medium-font-size\" style=\"margin-top:var(--wp--preset--spacing--xx-small);font-style:normal;font-weight:600\">SZPATU\u0141KI  FULL HD<\/h2>\n\n\n\n<p class=\"has-text-align-center\" style=\"margin-top:var(--wp--preset--spacing--xx-large)\"><img loading=\"lazy\" decoding=\"async\" width=\"600\" height=\"300\" class=\"wp-image-81\" style=\"width: 600px;\" src=\"http:\/\/serwer1349260.home.pl\/autoinstalator\/wordpresswoocommerce\/wp-content\/uploads\/2024\/06\/nowa-baza-z-przewodem.jpg\" alt=\"\" srcset=\"https:\/\/sinutronic.eu\/wp-content\/uploads\/2024\/06\/nowa-baza-z-przewodem.jpg 1417w, https:\/\/sinutronic.eu\/wp-content\/uploads\/2024\/06\/nowa-baza-z-przewodem-300x150.jpg 300w, https:\/\/sinutronic.eu\/wp-content\/uploads\/2024\/06\/nowa-baza-z-przewodem-1024x512.jpg 1024w, https:\/\/sinutronic.eu\/wp-content\/uploads\/2024\/06\/nowa-baza-z-przewodem-768x384.jpg 768w, https:\/\/sinutronic.eu\/wp-content\/uploads\/2024\/06\/nowa-baza-z-przewodem-600x300.jpg 600w\" sizes=\"auto, (max-width: 600px) 100vw, 600px\" \/><\/p>\n\n\n\n<div class=\"wp-block-buttons alignwide is-vertical is-content-justification-left is-layout-flex wp-container-core-buttons-is-layout-c79a54c5 wp-block-buttons-is-layout-flex\" style=\"margin-top:var(--wp--preset--spacing--xx-large)\">\n<div class=\"wp-block-button is-style-link-only\"><a class=\"wp-block-button__link has-primary-color has-text-color has-background has-text-align-center wp-element-button\" href=\"https:\/\/sinutronic.eu\/?page_id=204\" style=\"background-color:#ffffff00;padding-top:0px;padding-right:0px;padding-bottom:0px;padding-left:0px\">Dowiedz si\u0119 wi\u0119cej \u2192<\/a><\/div>\n<\/div>\n<\/div>\n<\/div>\n\n\n\n<div class=\"wp-block-column is-layout-flow wp-block-column-is-layout-flow\">\n<div class=\"wp-block-group has-background-background-color has-background has-global-padding is-layout-constrained wp-container-core-group-is-layout-4d32cd85 wp-block-group-is-layout-constrained\" style=\"border-radius:10px;min-height:100%;padding-top:var(--wp--preset--spacing--large);padding-right:var(--wp--preset--spacing--large);padding-bottom:var(--wp--preset--spacing--large);padding-left:var(--wp--preset--spacing--large)\">\n<h2 class=\"wp-block-heading has-medium-font-size\" style=\"margin-top:var(--wp--preset--spacing--xx-small);font-style:normal;font-weight:600\">MODU\u0141OWE W\u00d3ZKI DO ENDOSKOPII<\/h2>\n\n\n\n<p class=\"has-text-align-center\" style=\"margin-top:var(--wp--preset--spacing--small)\"><img loading=\"lazy\" decoding=\"async\" width=\"150\" height=\"331\" class=\"wp-image-86\" style=\"width: 150px;\" src=\"http:\/\/serwer1349260.home.pl\/autoinstalator\/wordpresswoocommerce\/wp-content\/uploads\/2024\/06\/wozek-scaled.jpg\" alt=\"\" srcset=\"https:\/\/sinutronic.eu\/wp-content\/uploads\/2024\/06\/wozek-scaled.jpg 1160w, https:\/\/sinutronic.eu\/wp-content\/uploads\/2024\/06\/wozek-136x300.jpg 136w, https:\/\/sinutronic.eu\/wp-content\/uploads\/2024\/06\/wozek-464x1024.jpg 464w, https:\/\/sinutronic.eu\/wp-content\/uploads\/2024\/06\/wozek-768x1695.jpg 768w, https:\/\/sinutronic.eu\/wp-content\/uploads\/2024\/06\/wozek-696x1536.jpg 696w, https:\/\/sinutronic.eu\/wp-content\/uploads\/2024\/06\/wozek-928x2048.jpg 928w, https:\/\/sinutronic.eu\/wp-content\/uploads\/2024\/06\/wozek-600x1324.jpg 600w\" sizes=\"auto, (max-width: 150px) 100vw, 150px\" \/><\/p>\n\n\n\n<div class=\"wp-block-buttons is-layout-flex wp-block-buttons-is-layout-flex\" style=\"margin-top:var(--wp--preset--spacing--small)\">\n<div class=\"wp-block-button is-style-link-only\"><a class=\"wp-block-button__link has-primary-color has-text-color has-background wp-element-button\" href=\"?page_id=178\" style=\"background-color:#ffffff00;padding-top:0px;padding-right:0px;padding-bottom:0px;padding-left:0px\">Dowiedz si\u0119 wi\u0119cej \u2192<\/a><\/div>\n<\/div>\n<\/div>\n<\/div>\n<\/div>\n<\/div>\n<\/div>\n\n\n\n<p><\/p>\n","protected":false},"excerpt":{"rendered":"<p>ENDOSKOPY GI\u0118TKIE SZPATU\u0141KI FULL HD MODU\u0141OWE W\u00d3ZKI DO ENDOSKOPII<\/p>\n","protected":false},"author":1,"featured_media":0,"parent":0,"menu_order":0,"comment_status":"closed","ping_status":"closed","template":"","meta":{"footnotes":""},"class_list":["post-158","page","type-page","status-publish","hentry"],"jetpack_sharing_enabled":true,"_links":{"self":[{"href":"https:\/\/sinutronic.eu\/index.php?rest_route=\/wp\/v2\/pages\/158","targetHints":{"allow":["GET"]}}],"collection":[{"href":"https:\/\/sinutronic.eu\/index.php?rest_route=\/wp\/v2\/pages"}],"about":[{"href":"https:\/\/sinutronic.eu\/index.php?rest_route=\/wp\/v2\/types\/page"}],"author":[{"embeddable":true,"href":"https:\/\/sinutronic.eu\/index.php?rest_route=\/wp\/v2\/users\/1"}],"replies":[{"embeddable":true,"href":"https:\/\/sinutronic.eu\/index.php?rest_route=%2Fwp%2Fv2%2Fcomments&post=158"}],"version-history":[{"count":8,"href":"https:\/\/sinutronic.eu\/index.php?rest_route=\/wp\/v2\/pages\/158\/revisions"}],"predecessor-version":[{"id":930,"href":"https:\/\/sinutronic.eu\/index.php?rest_route=\/wp\/v2\/pages\/158\/revisions\/930"}],"wp:attachment":[{"href":"https:\/\/sinutronic.eu\/index.php?rest_route=%2Fwp%2Fv2%2Fmedia&parent=158"}],"curies":[{"name":"wp","href":"https:\/\/api.w.org\/{rel}","templated":true}]}}